{"id":26714,"date":"2026-03-06T01:25:23","date_gmt":"2026-03-06T00:25:23","guid":{"rendered":"https:\/\/agoravape.com\/?post_type=product&#038;p=26714"},"modified":"2026-03-06T02:29:25","modified_gmt":"2026-03-06T01:29:25","slug":"bang-legend-60k-60000","status":"publish","type":"product","link":"https:\/\/agoravape.com\/sv\/product\/bang-legend-60k-60000\/","title":{"rendered":"BANG Legend 60K | The Ultimate Disposable Vape That Keeps Going and Going"},"content":{"rendered":"<h2 data-v-md-heading=\"what-is-the-special-feature-of-the-bang-legend-60k-60000-dual-mesh-atomizer-disposable-vape\" data-v-md-line=\"3\"><img loading=\"lazy\" decoding=\"async\" class=\"size-full wp-image-26729 alignright\" src=\"https:\/\/agoravape.com\/wp-content\/uploads\/2026\/03\/BANG-Legend-60K-The-Ultimate-Disposable-Vape-That-Keeps-Going-and-Going_Agora_vape-1.webp\" alt=\"\" width=\"1000\" height=\"500\" srcset=\"https:\/\/agoravape.com\/wp-content\/uploads\/2026\/03\/BANG-Legend-60K-The-Ultimate-Disposable-Vape-That-Keeps-Going-and-Going_Agora_vape-1.webp 1000w, https:\/\/agoravape.com\/wp-content\/uploads\/2026\/03\/BANG-Legend-60K-The-Ultimate-Disposable-Vape-That-Keeps-Going-and-Going_Agora_vape-1-300x150.webp 300w, https:\/\/agoravape.com\/wp-content\/uploads\/2026\/03\/BANG-Legend-60K-The-Ultimate-Disposable-Vape-That-Keeps-Going-and-Going_Agora_vape-1-768x384.webp 768w, https:\/\/agoravape.com\/wp-content\/uploads\/2026\/03\/BANG-Legend-60K-The-Ultimate-Disposable-Vape-That-Keeps-Going-and-Going_Agora_vape-1-18x9.webp 18w\" sizes=\"auto, (max-width: 1000px) 100vw, 1000px\" \/><\/h2>\n<h2 data-v-md-heading=\"what-is-the-special-feature-of-the-bang-legend-60k-60000-dual-mesh-atomizer-disposable-vape\" data-v-md-line=\"3\">Vad \u00e4r det speciella med BANG Legend 60K 60000 eng\u00e5ngsvape med dubbel mesh-atomizer?<\/h2>\n<p data-v-md-line=\"5\">Besv\u00e4ras du fortfarande av att du ofta byter ut dina vape-enheter? S\u00e5 forts\u00e4tt l\u00e4sa, BANG Legend 60K kommer att bli din nya favorit. Den h\u00e4r enheten har en fantastisk batteritid p\u00e5 60 000 pack, vilket g\u00f6r den till ett idealiskt val f\u00f6r erfarna vape-anv\u00e4ndare och de som gillar att f\u00e5 slut p\u00e5 e-v\u00e4tska. Med sin dubbla n\u00e4tverksatomiseringsteknik och 12 l\u00e4ckra smakalternativ ger den h\u00e4r enheten dig en enkel, bekv\u00e4m och tillfredsst\u00e4llande vape-upplevelse.<\/p>\n<h2 data-v-md-heading=\"excellent-performance-easy-and-convenient\" data-v-md-line=\"7\">Utm\u00e4rkt prestanda, enkelt och bekv\u00e4mt<\/h2>\n<p data-v-md-line=\"9\">Tack vare den integrerade dubbla mesh-spolen \u00e4r varje tugga av BANG Legend 60K lika fr\u00e4sch och mild som den f\u00f6rsta, du slipper oroa dig f\u00f6r en pl\u00f6tslig br\u00e4nd smak halvv\u00e4gs. Dessutom finns det ingen anledning att oroa sig f\u00f6r olika laddare l\u00e4ngre. N\u00e4r 850mAh-batteriet b\u00f6rjar ta slut ansluter du det bara till telefonens typ-C-port. \u00c4r det inte v\u00e4ldigt enkelt?<\/p>\n<h2 data-v-md-heading=\"quick-specifications\" data-v-md-line=\"11\">Snabba specifikationer<\/h2>\n<ul data-v-md-line=\"12\">\n<li>R\u00f6kfrekvens: upp till 60 000 bloss<\/li>\n<li>Batterikapacitet: 850mAh<\/li>\n<li>Anv\u00e4ndning: Andas in f\u00f6r att aktivera<\/li>\n<li>Laddningsmetod: Standard USB-gr\u00e4nssnitt av typ C<\/li>\n<li>Status: Klar att anv\u00e4nda direkt ur l\u00e5dan<\/li>\n<\/ul>\n<h2 data-v-md-heading=\"complete-flavor-lineup\" data-v-md-line=\"18\">Komplett smakutbud<\/h2>\n<ul data-v-md-line=\"19\">\n<li>Jordgubbsvattenmelon<\/li>\n<li>Bl\u00e5b\u00e4rsglass<\/li>\n<li>Bl\u00e5b\u00e4r Hallon<\/li>\n<li>Jordgubb Kiwi Frukt<\/li>\n<li>Jordgubb Banan<\/li>\n<li>Druvis<\/li>\n<li>Jordgubbsmango<\/li>\n<li>Kiwi passionsfrukt guava<\/li>\n<li>Mamba<\/li>\n<li>Love66<\/li>\n<li>Blandade b\u00e4r<\/li>\n<li>Persikois<\/li>\n<\/ul>\n<h2 data-v-md-heading=\"suitable-for-individuals-and-businesses\" data-v-md-line=\"32\">L\u00e4mplig f\u00f6r privatpersoner och f\u00f6retag<\/h2>\n<p data-v-md-line=\"34\">BANG Legend 60K finns tillg\u00e4nglig f\u00f6r personligt k\u00f6p f\u00f6r att m\u00f6ta dina dagliga behov \u2013 Driver du ett f\u00f6retag? Toppen! Dessa enheter erbjuder \u00e4ven bulkleverans, med grossistf\u00f6rpackningar som inneh\u00e5ller 100 eller 200 enheter. Dessutom samarbetar vi med UPS, DPD och DHL f\u00f6r att tillhandah\u00e5lla p\u00e5litliga DDP-frakttj\u00e4nster efter skatt, s\u00e5 att du inte beh\u00f6ver oroa dig f\u00f6r tullavgifter.<\/p>\n<h2 data-v-md-heading=\"reasons-why-you-will-like-it\" data-v-md-line=\"36\">Anledningar till varf\u00f6r du kommer att gilla det<\/h2>\n<ul data-v-md-line=\"37\">\n<li>Ultral\u00e5ng batteritid: De 60 000 som n\u00e4mns i namnet \u00e4r ingen \u00f6verdrift, vilket g\u00f6r att du slipper frekventa k\u00f6p av nya enheter.<\/li>\n<li>Laddningsbar: Standardgr\u00e4nssnittet Type-C l\u00e5ter dig ladda n\u00e4r som helst och utnyttja varje droppe e-v\u00e4tska fullt ut.<\/li>\n<li>K\u00e4rna i mesh-f\u00f6r\u00e5ngaren: s\u00e4kerst\u00e4ller en stabil och tillfredsst\u00e4llande k\u00e4nsla i halsen varje g\u00e5ng.<\/li>\n<\/ul>\n<h2 data-v-md-heading=\"why-choose-agoravape\" data-v-md-line=\"41\">Varf\u00f6r v\u00e4lja AgoraVape?<\/h2>\n<p data-v-md-line=\"43\">S\u00e4g adj\u00f6 till problemen med f\u00f6rfalskade varor \u2013 AgoraVape s\u00e4ljer endast 100 % \u00e4kta produkter och erbjuder rabatterade grossistpriser, p\u00e5litlig eftermarknadssupport samt snabb och stabil transportservice. Kontakta oss omedelbart f\u00f6r att best\u00e4lla BANG Legend 60K 60000 port eng\u00e5ngsvape med dubbla mesh-coils \u2013 dina kunder kommer definitivt att \u00e4lska den h\u00e4r produkten.<\/p>","protected":false},"excerpt":{"rendered":"<p>&nbsp;<\/p>\n<p><script src=\"chrome-extension:\/\/fpelahbljekknahkcaegamhcndkfpfnc\/iFrame.js\" type=\"text\/javascript\"><\/script><\/p>\n<p><script src=\"chrome-extension:\/\/fpelahbljekknahkcaegamhcndkfpfnc\/iFrame.js\" type=\"text\/javascript\"><\/script><\/p>\n<p><script src=\"chrome-extension:\/\/fpelahbljekknahkcaegamhcndkfpfnc\/iFrame.js\" type=\"text\/javascript\"><\/script><\/p>\n<p><script src=\"chrome-extension:\/\/fpelahbljekknahkcaegamhcndkfpfnc\/iFrame.js\" type=\"text\/javascript\"><\/script><\/p>\n<p><script src=\"chrome-extension:\/\/fpelahbljekknahkcaegamhcndkfpfnc\/iFrame.js\" type=\"text\/javascript\"><\/script><\/p>\n<p><script src=\"chrome-extension:\/\/fpelahbljekknahkcaegamhcndkfpfnc\/iFrame.js\" type=\"text\/javascript\"><\/script><\/p>\n<p><script src=\"chrome-extension:\/\/fpelahbljekknahkcaegamhcndkfpfnc\/iFrame.js\" type=\"text\/javascript\"><\/script><\/p>\n<p><script src=\"chrome-extension:\/\/fpelahbljekknahkcaegamhcndkfpfnc\/iFrame.js\" type=\"text\/javascript\"><\/script><\/p>\n<p><script src=\"chrome-extension:\/\/fpelahbljekknahkcaegamhcndkfpfnc\/iFrame.js\" type=\"text\/javascript\"><\/script><\/p>\n<p><script src=\"chrome-extension:\/\/fpelahbljekknahkcaegamhcndkfpfnc\/iFrame.js\" type=\"text\/javascript\"><\/script><\/p>","protected":false},"featured_media":26737,"comment_status":"open","ping_status":"closed","template":"","meta":[],"product_brand":[197],"product_cat":[124,187,188,189,1642,123,174,175,193,191,179,173,186,180,190],"product_tag":[],"class_list":{"0":"post-26714","1":"product","2":"type-product","3":"status-publish","4":"has-post-thumbnail","6":"product_brand-bang","7":"product_cat-vape-by-brand","8":"product_cat-0mg-nicotine-free-vapes","9":"product_cat-10mg-low-nicotine-vapes","10":"product_cat-20mg-standard-nicotine-vapes","11":"product_cat-60000-puffs","12":"product_cat-bang","13":"product_cat-fruit-flavors","14":"product_cat-icy-mint","15":"product_cat-mesh-coil","16":"product_cat-rechargeable-disposables","17":"product_cat-unique-blends","18":"product_cat-vape-by-flavor-profile","19":"product_cat-vape-by-nicotine-strength","20":"product_cat-vape-by-puff-count","21":"product_cat-vape-by-feature-or-type","23":"first","24":"instock","25":"shipping-taxable","26":"purchasable","27":"product-type-variable","28":"has-default-attributes"},"tiered_pricing_type":"percentage","tiered_pricing_fixed_rules":[],"tiered_pricing_product_settings":{"layout":"default","base_unit_name":{"singular":null,"plural":null},"default_variation":null},"tiered_pricing_minimum_quantity":10,"tiered_pricing_roles_data":[],"tiered_pricing_percentage_rules":{"30":"9","50":"17","100":"23","200":"25","500":"28","1000":"30"},"tiered_pricing_maximum_quantity":null,"tiered_pricing_quantity_step":"10","_links":{"self":[{"href":"https:\/\/agoravape.com\/sv\/wp-json\/wp\/v2\/product\/26714","targetHints":{"allow":["GET"]}}],"collection":[{"href":"https:\/\/agoravape.com\/sv\/wp-json\/wp\/v2\/product"}],"about":[{"href":"https:\/\/agoravape.com\/sv\/wp-json\/wp\/v2\/types\/product"}],"replies":[{"embeddable":true,"href":"https:\/\/agoravape.com\/sv\/wp-json\/wp\/v2\/comments?post=26714"}],"version-history":[{"count":0,"href":"https:\/\/agoravape.com\/sv\/wp-json\/wp\/v2\/product\/26714\/revisions"}],"wp:featuredmedia":[{"embeddable":true,"href":"https:\/\/agoravape.com\/sv\/wp-json\/wp\/v2\/media\/26737"}],"wp:attachment":[{"href":"https:\/\/agoravape.com\/sv\/wp-json\/wp\/v2\/media?parent=26714"}],"wp:term":[{"taxonomy":"product_brand","embeddable":true,"href":"https:\/\/agoravape.com\/sv\/wp-json\/wp\/v2\/product_brand?post=26714"},{"taxonomy":"product_cat","embeddable":true,"href":"https:\/\/agoravape.com\/sv\/wp-json\/wp\/v2\/product_cat?post=26714"},{"taxonomy":"product_tag","embeddable":true,"href":"https:\/\/agoravape.com\/sv\/wp-json\/wp\/v2\/product_tag?post=26714"}],"curies":[{"name":"wp","href":"https:\/\/api.w.org\/{rel}","templated":true}]}}