{"id":26740,"date":"2026-03-06T02:34:11","date_gmt":"2026-03-06T01:34:11","guid":{"rendered":"https:\/\/agoravape.com\/?post_type=product&#038;p=26740"},"modified":"2026-03-21T12:44:21","modified_gmt":"2026-03-21T11:44:21","slug":"bang-blaze-200k-6in1-200000","status":"publish","type":"product","link":"https:\/\/agoravape.com\/sv\/product\/bang-blaze-200k-6in1-200000\/","title":{"rendered":"BANG Blaze 200K | A Powerhouse of Flavor and Longevity"},"content":{"rendered":"<h2 data-v-md-heading=\"what-is-a-disposable-vape-with-bang-blaze-200k-200000-mouthed-6-in-1-mesh-coil\" data-v-md-line=\"3\"><img loading=\"lazy\" decoding=\"async\" class=\"size-full wp-image-26759 aligncenter\" src=\"https:\/\/agoravape.com\/wp-content\/uploads\/2026\/03\/BANG-Blaze-200K-A-Powerhouse-of-Flavor-and-Longevity_Agora_vape-6-scaled.webp\" alt=\"\" width=\"1129\" height=\"2560\" srcset=\"https:\/\/agoravape.com\/wp-content\/uploads\/2026\/03\/BANG-Blaze-200K-A-Powerhouse-of-Flavor-and-Longevity_Agora_vape-6-scaled.webp 1129w, https:\/\/agoravape.com\/wp-content\/uploads\/2026\/03\/BANG-Blaze-200K-A-Powerhouse-of-Flavor-and-Longevity_Agora_vape-6-132x300.webp 132w, https:\/\/agoravape.com\/wp-content\/uploads\/2026\/03\/BANG-Blaze-200K-A-Powerhouse-of-Flavor-and-Longevity_Agora_vape-6-452x1024.webp 452w, https:\/\/agoravape.com\/wp-content\/uploads\/2026\/03\/BANG-Blaze-200K-A-Powerhouse-of-Flavor-and-Longevity_Agora_vape-6-768x1741.webp 768w, https:\/\/agoravape.com\/wp-content\/uploads\/2026\/03\/BANG-Blaze-200K-A-Powerhouse-of-Flavor-and-Longevity_Agora_vape-6-678x1536.webp 678w, https:\/\/agoravape.com\/wp-content\/uploads\/2026\/03\/BANG-Blaze-200K-A-Powerhouse-of-Flavor-and-Longevity_Agora_vape-6-903x2048.webp 903w, https:\/\/agoravape.com\/wp-content\/uploads\/2026\/03\/BANG-Blaze-200K-A-Powerhouse-of-Flavor-and-Longevity_Agora_vape-6-5x12.webp 5w, https:\/\/agoravape.com\/wp-content\/uploads\/2026\/03\/BANG-Blaze-200K-A-Powerhouse-of-Flavor-and-Longevity_Agora_vape-6-1200x2721.webp 1200w\" sizes=\"auto, (max-width: 1129px) 100vw, 1129px\" \/><\/h2>\n<h2 data-v-md-heading=\"what-is-a-disposable-vape-with-bang-blaze-200k-200000-mouthed-6-in-1-mesh-coil\" data-v-md-line=\"3\">What is a disposable vape with BANG Blaze 200K, 200000 mouthed 6-in-1 mesh coil?<\/h2>\n<p data-v-md-line=\"5\">Have you ever been helpless when an vape suddenly ran out of battery? BANG Blaze 200K is your ideal choice. It has an amazing 200000 port battery life, ensuring durability and eliminating the need to frequently search for power or replace cartridges. For users who pursue reliability, rich taste, and also hope for easy device operation, this product is the perfect choice. Even better, it also offers a wide selection of flavors!<\/p>\n<h2 data-v-md-heading=\"powerful-performance-easy-and-convenient\" data-v-md-line=\"7\">Powerful performance, easy and convenient<\/h2>\n<p data-v-md-line=\"9\">The BANG Blaze 200K has a low-key appearance, but it contains powerful technology. Thanks to its 1.2 \u03a9\u00d7 6 mesh coil design, every bite brings a consistently rich taste and satisfying smoke volume \u2013 yes, even the 200000th bite tastes just as good as the first bite. The convenience is not limited to this; It is also equipped with a Type-C charging interface, making charging easier. No additional charging cable is required, just use the same charging cable as the phone. This is what we call a simple and easy-to-use vape experience.<\/p>\n<h2 data-v-md-heading=\"important-parameters\" data-v-md-line=\"11\">Important parameters<\/h2>\n<ul data-v-md-line=\"12\">\n<li>Smoking frequency: up to 200000 cigarettes<\/li>\n<li>Battery capacity: 600mAh<\/li>\n<li>Laddningsmetod: Standard USB-gr\u00e4nssnitt av typ C<\/li>\n<li>Usage: Inhale and enjoy immediately!<\/li>\n<li>Status: Pre charged, pre filled with oil. Ready to use upon unboxing.<\/li>\n<\/ul>\n<h2 data-v-md-heading=\"taste-feast\" data-v-md-line=\"18\">Taste Feast<\/h2>\n<p data-v-md-line=\"20\">Vill du prova olika smaker? BANG Blaze 200K erbjuder en m\u00e4ngd olika smakkombinationer f\u00f6r att m\u00f6ta dina olika smakl\u00f6kars behov. Varje set inneh\u00e5ller 6 unika smaker. H\u00e4r \u00e4r n\u00e5gra smaker:<\/p>\n<ul data-v-md-line=\"22\">\n<li>Peach Ice \/ Lemon Lime \/ Strawberry Watermelon \/ Raspberry Grape \/ Strawberry Mamba \/ Cherry Pomegranate<\/li>\n<li>Watermelon Ice \/ Apple Grape \/ Blueberry Raspberry \/ Mango Peach \/ Pineapple Orange \/ Blueberry Peach<\/li>\n<li>Grape Ice \/ Raspberry Lemon \/ Blueberry Red Bull \/ Pineapple Coconut \/ Strawberry Lychee \/ Black Dragon Ice<\/li>\n<li>Blueberry Ice \/ Raspberry Watermelon \/ Aloe Vera Grape \/ Strawberry Banana \/ Love 66 \/ Blueberry Cherry<\/li>\n<li>Apple Ice \/ Mixed Berries \/ Watermelon Bubble Gum \/ Blueberry Watermelon \/ Strawberry Mango \/ Aloe Mango Cantaloupe<\/li>\n<li>Pineapple Ice \/ Kiwi Passion Fruit Guava \/ Bear-shaped Gummy Candies \/ Watermelon Dragon Fruit \/ Peach Mango Watermelon \/ Blueberry Cranberry Cherry<\/li>\n<li>Strawberry \/ Blackcurrant Pineapple Ice \/ Tropical Fruits \/ Grape Bubblegum \/ Blueberry Grape \/ Mango Passion Fruit<\/li>\n<li>Triple Mango \/ Grape Peach \/ Strawberry Ice Cream \/ Strawberry Kiwi \/ Grape Energy \/ Red Cola<\/li>\n<li>Banana Ice \/ Aloe Vera Apple \/ Passion Fruit Grapefruit \/ Strawberry Coconut \/ Strawberry Watermelon Bubblegum \/ Watermelon Lime Ice<\/li>\n<li>Cherry Ice \/ Pink Lemon \/ Blueberry Mint \/ Banana Ice Cream \/ Passion Fruit Pineapple Ice \/ Peach Ice \/ Green Apple Kiwi<\/li>\n<li>Rainbow Candy \/ Peach Pear Ice \/ Cappuccino \/ Fresh Mint Mojito \/ Strawberry Mango Blackcurrant \/ Marshmallow<\/li>\n<li>Blackcurrant \/ Triple Melon \/ Strawberry Raspberry \/ Super Berry \/ Blueberry Blackberry Strawberry \/ Peach Lemon Water<\/li>\n<\/ul>\n<h2 data-v-md-heading=\"bang-blaze-200k-meet-your-and-your-company-s-needs\" data-v-md-line=\"35\">BANG Blaze 200K, M\u00f6t dina och ditt f\u00f6retags behov<\/h2>\n<p data-v-md-line=\"37\">Oavsett om du \u00e4r enskild vape-anv\u00e4ndare eller f\u00f6retagare kan vi m\u00f6ta dina behov. BANG Blaze 200K 200000-pack 6-i-1 mesh coil eng\u00e5ngsvapes kan k\u00f6pas separat eller i grossistledet (200 enheter per l\u00e5da). Vi erbjuder p\u00e5litliga \"momsfria\" frakttj\u00e4nster med betrodda partners som UPS, DPD och DHL. Det betyder att du inte beh\u00f6ver oroa dig f\u00f6r ytterligare tullavgifter och kan njuta av en smidig och bekv\u00e4m fraktupplevelse.<\/p>\n<h2 data-v-md-heading=\"reasons-why-you-will-fall-in-love-with-it\" data-v-md-line=\"39\">Anledningar till varf\u00f6r du kommer att bli k\u00e4r i det<\/h2>\n<ul data-v-md-line=\"40\">\n<li>Ultral\u00e5ng batteritid: Inget behov av att byta patron ofta.<\/li>\n<li>Rika och varierade smaker: H\u00e5ll dina smakl\u00f6kar fr\u00e4scha hela tiden.<\/li>\n<li>Uppladdningsbar: L\u00e5ter dig njuta av den underbara upplevelsen som varje droppe e-v\u00e4tska ger.<\/li>\n<li>Slitstark n\u00e4tspiral: S\u00e4kerst\u00e4ller stabil smak och fyllig arom i varje tugga.<\/li>\n<\/ul>\n<h2 data-v-md-heading=\"why-choose-agoravape\" data-v-md-line=\"45\">Varf\u00f6r v\u00e4lja AgoraVape?<\/h2>\n<p data-v-md-line=\"47\">Som en betrodd vape-distribut\u00f6r i Europa erbjuder AgoraVape endast 100 % \u00e4kta produkter. Vi erbjuder mycket konkurrenskraftiga grossistpriser, utm\u00e4rkt kundsupport och snabba och p\u00e5litliga leveranstj\u00e4nster f\u00f6r f\u00f6retagskunder, s\u00e4rskilt f\u00f6r BANG Blaze 200K 200000-pack 6-i-1 mesh coil eng\u00e5ngsvapes. Kontakta oss omedelbart f\u00f6r att ge dina kunder den vape-upplevelse de \u00e4lskar och uppskattar.<\/p>\n<p><script src=\"chrome-extension:\/\/fpelahbljekknahkcaegamhcndkfpfnc\/iFrame.js\" type=\"text\/javascript\"><\/script><\/p>\n<p><script src=\"chrome-extension:\/\/fpelahbljekknahkcaegamhcndkfpfnc\/iFrame.js\" type=\"text\/javascript\"><\/script><\/p>","protected":false},"excerpt":{"rendered":"<p>&nbsp;<\/p>\n<p><script src=\"chrome-extension:\/\/fpelahbljekknahkcaegamhcndkfpfnc\/iFrame.js\" type=\"text\/javascript\"><\/script><\/p>\n<p><script src=\"chrome-extension:\/\/fpelahbljekknahkcaegamhcndkfpfnc\/iFrame.js\" type=\"text\/javascript\"><\/script><\/p>\n<p><script src=\"chrome-extension:\/\/fpelahbljekknahkcaegamhcndkfpfnc\/iFrame.js\" type=\"text\/javascript\"><\/script><\/p>\n<p><script src=\"chrome-extension:\/\/fpelahbljekknahkcaegamhcndkfpfnc\/iFrame.js\" type=\"text\/javascript\"><\/script><\/p>\n<p><script src=\"chrome-extension:\/\/fpelahbljekknahkcaegamhcndkfpfnc\/iFrame.js\" type=\"text\/javascript\"><\/script><\/p>\n<p><script src=\"chrome-extension:\/\/fpelahbljekknahkcaegamhcndkfpfnc\/iFrame.js\" type=\"text\/javascript\"><\/script><\/p>\n<p><script src=\"chrome-extension:\/\/fpelahbljekknahkcaegamhcndkfpfnc\/iFrame.js\" type=\"text\/javascript\"><\/script><\/p>\n<p><script src=\"chrome-extension:\/\/fpelahbljekknahkcaegamhcndkfpfnc\/iFrame.js\" type=\"text\/javascript\"><\/script><\/p>\n<p><script src=\"chrome-extension:\/\/fpelahbljekknahkcaegamhcndkfpfnc\/iFrame.js\" type=\"text\/javascript\"><\/script><\/p>\n<p><script src=\"chrome-extension:\/\/fpelahbljekknahkcaegamhcndkfpfnc\/iFrame.js\" type=\"text\/javascript\"><\/script><\/p>\n<p><script src=\"chrome-extension:\/\/fpelahbljekknahkcaegamhcndkfpfnc\/iFrame.js\" type=\"text\/javascript\"><\/script><\/p>\n<p><script src=\"chrome-extension:\/\/fpelahbljekknahkcaegamhcndkfpfnc\/iFrame.js\" type=\"text\/javascript\"><\/script><\/p>\n<p><script src=\"chrome-extension:\/\/fpelahbljekknahkcaegamhcndkfpfnc\/iFrame.js\" type=\"text\/javascript\"><\/script><\/p>","protected":false},"featured_media":26765,"comment_status":"open","ping_status":"closed","template":"","meta":[],"product_brand":[197],"product_cat":[124,187,185,188,189,123,195,174,175,193,191,179,173,186,180,190],"product_tag":[],"class_list":{"0":"post-26740","1":"product","2":"type-product","3":"status-publish","4":"has-post-thumbnail","6":"product_brand-bang","7":"product_cat-vape-by-brand","8":"product_cat-0mg-nicotine-free-vapes","9":"product_cat-10000-puffs-high-capacity","10":"product_cat-10mg-low-nicotine-vapes","11":"product_cat-20mg-standard-nicotine-vapes","12":"product_cat-bang","13":"product_cat-dual-flavor-switch","14":"product_cat-fruit-flavors","15":"product_cat-icy-mint","16":"product_cat-mesh-coil","17":"product_cat-rechargeable-disposables","18":"product_cat-unique-blends","19":"product_cat-vape-by-flavor-profile","20":"product_cat-vape-by-nicotine-strength","21":"product_cat-vape-by-puff-count","22":"product_cat-vape-by-feature-or-type","24":"first","25":"instock","26":"shipping-taxable","27":"purchasable","28":"product-type-variable","29":"has-default-attributes"},"tiered_pricing_type":"percentage","tiered_pricing_fixed_rules":[],"tiered_pricing_product_settings":{"layout":"default","base_unit_name":{"singular":null,"plural":null},"default_variation":null},"tiered_pricing_minimum_quantity":10,"tiered_pricing_roles_data":[],"tiered_pricing_percentage_rules":{"30":"29","50":"34","100":"37","200":"40","500":"44","1000":"47"},"tiered_pricing_maximum_quantity":null,"tiered_pricing_quantity_step":"10","_links":{"self":[{"href":"https:\/\/agoravape.com\/sv\/wp-json\/wp\/v2\/product\/26740","targetHints":{"allow":["GET"]}}],"collection":[{"href":"https:\/\/agoravape.com\/sv\/wp-json\/wp\/v2\/product"}],"about":[{"href":"https:\/\/agoravape.com\/sv\/wp-json\/wp\/v2\/types\/product"}],"replies":[{"embeddable":true,"href":"https:\/\/agoravape.com\/sv\/wp-json\/wp\/v2\/comments?post=26740"}],"version-history":[{"count":0,"href":"https:\/\/agoravape.com\/sv\/wp-json\/wp\/v2\/product\/26740\/revisions"}],"wp:featuredmedia":[{"embeddable":true,"href":"https:\/\/agoravape.com\/sv\/wp-json\/wp\/v2\/media\/26765"}],"wp:attachment":[{"href":"https:\/\/agoravape.com\/sv\/wp-json\/wp\/v2\/media?parent=26740"}],"wp:term":[{"taxonomy":"product_brand","embeddable":true,"href":"https:\/\/agoravape.com\/sv\/wp-json\/wp\/v2\/product_brand?post=26740"},{"taxonomy":"product_cat","embeddable":true,"href":"https:\/\/agoravape.com\/sv\/wp-json\/wp\/v2\/product_cat?post=26740"},{"taxonomy":"product_tag","embeddable":true,"href":"https:\/\/agoravape.com\/sv\/wp-json\/wp\/v2\/product_tag?post=26740"}],"curies":[{"name":"wp","href":"https:\/\/api.w.org\/{rel}","templated":true}]}}