{"id":27345,"date":"2026-03-08T07:49:53","date_gmt":"2026-03-08T06:49:53","guid":{"rendered":"https:\/\/agoravape.com\/?post_type=product&#038;p=27345"},"modified":"2026-03-21T12:44:22","modified_gmt":"2026-03-21T11:44:22","slug":"bang-350k-8in1-350000","status":"publish","type":"product","link":"https:\/\/agoravape.com\/sv\/product\/bang-350k-8in1-350000\/","title":{"rendered":"BANG 350K 350000 Puffs 8in1 Mesh Coil Disposable Vape | Eight Flavours in One Device"},"content":{"rendered":"<h2 data-v-md-heading=\"what-are-the-special-features-of-bang-350k-350000-8-in-1-mesh-coil-disposable-vapes\" data-v-md-line=\"3\"><img loading=\"lazy\" decoding=\"async\" class=\"aligncenter size-full wp-image-27359\" src=\"https:\/\/agoravape.com\/wp-content\/uploads\/2026\/03\/BANG-350K-350000-Puffs-8in1-Mesh-Coil-Disposable-Vape-Eight-Flavours-in-One-Device_Agora_vape-1.webp\" alt=\"\" width=\"1920\" height=\"700\" srcset=\"https:\/\/agoravape.com\/wp-content\/uploads\/2026\/03\/BANG-350K-350000-Puffs-8in1-Mesh-Coil-Disposable-Vape-Eight-Flavours-in-One-Device_Agora_vape-1.webp 1920w, https:\/\/agoravape.com\/wp-content\/uploads\/2026\/03\/BANG-350K-350000-Puffs-8in1-Mesh-Coil-Disposable-Vape-Eight-Flavours-in-One-Device_Agora_vape-1-300x109.webp 300w, https:\/\/agoravape.com\/wp-content\/uploads\/2026\/03\/BANG-350K-350000-Puffs-8in1-Mesh-Coil-Disposable-Vape-Eight-Flavours-in-One-Device_Agora_vape-1-1024x373.webp 1024w, https:\/\/agoravape.com\/wp-content\/uploads\/2026\/03\/BANG-350K-350000-Puffs-8in1-Mesh-Coil-Disposable-Vape-Eight-Flavours-in-One-Device_Agora_vape-1-768x280.webp 768w, https:\/\/agoravape.com\/wp-content\/uploads\/2026\/03\/BANG-350K-350000-Puffs-8in1-Mesh-Coil-Disposable-Vape-Eight-Flavours-in-One-Device_Agora_vape-1-1536x560.webp 1536w, https:\/\/agoravape.com\/wp-content\/uploads\/2026\/03\/BANG-350K-350000-Puffs-8in1-Mesh-Coil-Disposable-Vape-Eight-Flavours-in-One-Device_Agora_vape-1-18x7.webp 18w, https:\/\/agoravape.com\/wp-content\/uploads\/2026\/03\/BANG-350K-350000-Puffs-8in1-Mesh-Coil-Disposable-Vape-Eight-Flavours-in-One-Device_Agora_vape-1-1200x438.webp 1200w\" sizes=\"auto, (max-width: 1920px) 100vw, 1920px\" \/> <img loading=\"lazy\" decoding=\"async\" class=\"aligncenter size-full wp-image-27374\" src=\"https:\/\/agoravape.com\/wp-content\/uploads\/2026\/03\/BANG-350K-350000-Puffs-8in1-Mesh-Coil-Disposable-Vape-Eight-Flavours-in-One-Device_Agora_vape-16-scaled.webp\" alt=\"\" width=\"2560\" height=\"1517\" srcset=\"https:\/\/agoravape.com\/wp-content\/uploads\/2026\/03\/BANG-350K-350000-Puffs-8in1-Mesh-Coil-Disposable-Vape-Eight-Flavours-in-One-Device_Agora_vape-16-scaled.webp 2560w, https:\/\/agoravape.com\/wp-content\/uploads\/2026\/03\/BANG-350K-350000-Puffs-8in1-Mesh-Coil-Disposable-Vape-Eight-Flavours-in-One-Device_Agora_vape-16-300x178.webp 300w, https:\/\/agoravape.com\/wp-content\/uploads\/2026\/03\/BANG-350K-350000-Puffs-8in1-Mesh-Coil-Disposable-Vape-Eight-Flavours-in-One-Device_Agora_vape-16-1024x607.webp 1024w, https:\/\/agoravape.com\/wp-content\/uploads\/2026\/03\/BANG-350K-350000-Puffs-8in1-Mesh-Coil-Disposable-Vape-Eight-Flavours-in-One-Device_Agora_vape-16-768x455.webp 768w, https:\/\/agoravape.com\/wp-content\/uploads\/2026\/03\/BANG-350K-350000-Puffs-8in1-Mesh-Coil-Disposable-Vape-Eight-Flavours-in-One-Device_Agora_vape-16-1536x910.webp 1536w, https:\/\/agoravape.com\/wp-content\/uploads\/2026\/03\/BANG-350K-350000-Puffs-8in1-Mesh-Coil-Disposable-Vape-Eight-Flavours-in-One-Device_Agora_vape-16-2048x1214.webp 2048w, https:\/\/agoravape.com\/wp-content\/uploads\/2026\/03\/BANG-350K-350000-Puffs-8in1-Mesh-Coil-Disposable-Vape-Eight-Flavours-in-One-Device_Agora_vape-16-18x12.webp 18w, https:\/\/agoravape.com\/wp-content\/uploads\/2026\/03\/BANG-350K-350000-Puffs-8in1-Mesh-Coil-Disposable-Vape-Eight-Flavours-in-One-Device_Agora_vape-16-1200x711.webp 1200w\" sizes=\"auto, (max-width: 2560px) 100vw, 2560px\" \/> <img loading=\"lazy\" decoding=\"async\" class=\"size-full wp-image-27375 alignright\" src=\"https:\/\/agoravape.com\/wp-content\/uploads\/2026\/03\/BANG-350K-350000-Puffs-8in1-Mesh-Coil-Disposable-Vape-Eight-Flavours-in-One-Device_Agora_vape-17-scaled.webp\" alt=\"\" width=\"1067\" height=\"2560\" srcset=\"https:\/\/agoravape.com\/wp-content\/uploads\/2026\/03\/BANG-350K-350000-Puffs-8in1-Mesh-Coil-Disposable-Vape-Eight-Flavours-in-One-Device_Agora_vape-17-scaled.webp 1067w, https:\/\/agoravape.com\/wp-content\/uploads\/2026\/03\/BANG-350K-350000-Puffs-8in1-Mesh-Coil-Disposable-Vape-Eight-Flavours-in-One-Device_Agora_vape-17-125x300.webp 125w, https:\/\/agoravape.com\/wp-content\/uploads\/2026\/03\/BANG-350K-350000-Puffs-8in1-Mesh-Coil-Disposable-Vape-Eight-Flavours-in-One-Device_Agora_vape-17-427x1024.webp 427w, https:\/\/agoravape.com\/wp-content\/uploads\/2026\/03\/BANG-350K-350000-Puffs-8in1-Mesh-Coil-Disposable-Vape-Eight-Flavours-in-One-Device_Agora_vape-17-768x1843.webp 768w, https:\/\/agoravape.com\/wp-content\/uploads\/2026\/03\/BANG-350K-350000-Puffs-8in1-Mesh-Coil-Disposable-Vape-Eight-Flavours-in-One-Device_Agora_vape-17-640x1536.webp 640w, https:\/\/agoravape.com\/wp-content\/uploads\/2026\/03\/BANG-350K-350000-Puffs-8in1-Mesh-Coil-Disposable-Vape-Eight-Flavours-in-One-Device_Agora_vape-17-854x2048.webp 854w, https:\/\/agoravape.com\/wp-content\/uploads\/2026\/03\/BANG-350K-350000-Puffs-8in1-Mesh-Coil-Disposable-Vape-Eight-Flavours-in-One-Device_Agora_vape-17-5x12.webp 5w, https:\/\/agoravape.com\/wp-content\/uploads\/2026\/03\/BANG-350K-350000-Puffs-8in1-Mesh-Coil-Disposable-Vape-Eight-Flavours-in-One-Device_Agora_vape-17-1200x2879.webp 1200w\" sizes=\"auto, (max-width: 1067px) 100vw, 1067px\" \/><\/h2>\n<h2 data-v-md-heading=\"what-are-the-special-features-of-bang-350k-350000-8-in-1-mesh-coil-disposable-vapes\" data-v-md-line=\"3\">Vilka \u00e4r de speciella egenskaperna hos BANG 350K 350000 8-i-1 mesh coil eng\u00e5ngsvapes?<\/h2>\n<p data-v-md-line=\"5\">Om du \u00e4r tr\u00f6tt p\u00e5 de d\u00e4r vape-enheterna som f\u00e5r slut p\u00e5 batteri halvv\u00e4gs genom en vecka eller bara har en smak efter tv\u00e5 dagar, d\u00e5 m\u00e5ste du ta en titt p\u00e5 den h\u00e4r produkten. BANG 350K kombinerar \u00e5tta olika smaker i en enhet, vilket revolutionerar vape-upplevelsen fullst\u00e4ndigt. F\u00f6r anv\u00e4ndare som bara vill ha p\u00e5litliga, l\u00e4ckra och bekv\u00e4ma vape-enheter utan att beh\u00f6va b\u00e4ra med sig flera enheter, \u00e4r det det perfekta valet. Den har l\u00e5ng batteritid och ett brett utbud av smakalternativ, tillr\u00e4ckligt f\u00f6r att h\u00e5lla dina smakl\u00f6kar fr\u00e4scha under de kommande veckorna.<\/p>\n<p data-v-md-line=\"7\">T\u00e4nk dig att stoppa en hel l\u00e5da med eng\u00e5ngsvapor i fickan utan att orsaka svinn. Vi vet att dess munantal l\u00e5ter fantastiskt, men dess designprincip \u00e4r h\u00e5llbarhet. Den h\u00e4r enheten \u00e4r l\u00e4mplig f\u00f6r b\u00e5de erfarna vape-anv\u00e4ndare som beh\u00f6ver p\u00e5litliga produkter och vanliga anv\u00e4ndare som ogillar att byta ut f\u00f6r\u00e5ngark\u00e4rnan ofta. Den \u00e4r k\u00e4nd f\u00f6r sitt snygga utseende och bekv\u00e4ma anv\u00e4ndning.<\/p>\n<h2 data-v-md-heading=\"excellent-performance-and-simple-operation\" data-v-md-line=\"9\">Utm\u00e4rkt prestanda och enkel anv\u00e4ndning<\/h2>\n<p data-v-md-line=\"11\">Du kanske tror att komplex teknik \u00e4r sv\u00e5r att anv\u00e4nda, men den h\u00e4r enheten \u00e4r f\u00f6rv\u00e5nansv\u00e4rt enkel. Hemligheten ligger i dess 1,0 \u03a9 mesh-f\u00f6rstoftningsk\u00e4rna, som j\u00e4mnt kan v\u00e4rma e-v\u00e4tskan, vilket s\u00e4kerst\u00e4ller en uppfriskande smak varje g\u00e5ng den inhaleras. Det betyder att varje tugga \u00e4r lika uts\u00f6kt som den f\u00f6rsta, utan att producera en obehaglig br\u00e4nd smak som billiga f\u00f6rstoftningsk\u00e4rnor. N\u00e4r batteriet \u00e4r l\u00e5gt anv\u00e4nder du helt enkelt Type-C-datakabeln som du kan anv\u00e4nda f\u00f6r att ladda din telefon f\u00f6r att enkelt ladda den.<\/p>\n<p data-v-md-line=\"13\">850mAh-batteriet garanterar l\u00e5ng batteritid f\u00f6r enheten, vilket eliminerar behovet av att ofta leta efter en laddare. Vikten p\u00e5 140 gram ger ett stabilt grepp och kan enkelt placeras i fickan. Andas bara in f\u00f6r att aktivera och njuta av ett j\u00e4mnt luftfl\u00f6de. Du beh\u00f6ver inte trycka p\u00e5 n\u00e5gra knappar eller justera n\u00e5gra inst\u00e4llningar.<\/p>\n<h2 data-v-md-heading=\"quick-specifications\" data-v-md-line=\"15\">Snabba specifikationer<\/h2>\n<ul data-v-md-line=\"16\">\n<li>R\u00f6kfrekvens: upp till 350 000 bloss<\/li>\n<li>Nikotininneh\u00e5ll: ger EU-standardkoncentration<\/li>\n<li>Anv\u00e4ndning: Andas in f\u00f6r att aktivera<\/li>\n<li>Laddningsmetod: Standard USB-gr\u00e4nssnitt av typ C<\/li>\n<li>Status: Klar att anv\u00e4nda direkt ur l\u00e5dan<\/li>\n<li>Batteri: 17350 850mAh<\/li>\n<li>Atomiseringsk\u00e4rna: 1,0 \u03a9 mesh-atomiseringsk\u00e4rna<\/li>\n<li>Vikt: 140 gram per enhet<\/li>\n<\/ul>\n<h2 data-v-md-heading=\"rich-flavor-options\" data-v-md-line=\"25\">Rika smakalternativ<\/h2>\n<p data-v-md-line=\"27\">Den h\u00e4r apparaten erbjuder tolv olika smakkombinationer, som var och en inneh\u00e5ller \u00e5tta unika smaker. Du kan v\u00e4lja mellan en enda fruktsmak eller en kreativ blandning av smaker. H\u00e4r \u00e4r dryckessortimentet:<\/p>\n<blockquote data-v-md-line=\"28\">\n<p data-v-md-line=\"28\">Format: Smakerna 1-4 \u00e4r enskilda smaker; Smakerna 5-8 \u00e4r blandade smaker (Mix1+2 = Smak 1 \/ Smak 2)<\/p>\n<\/blockquote>\n<ul data-v-md-line=\"30\">\n<li>Bl\u00e5 Razz-is \/ Vattenmelon-is \/ Jordgubbs-is \/ Citron-lime \/ Mix 1+2 \/ Mix 2+3 \/ Mix 3+4 \/ Mix 4+1<\/li>\n<li>Bl\u00e5b\u00e4rsglass \/ Tropisk frukt \/ \u00c4pple-kiwi-glass \/ Bl\u00e5 Razz-k\u00f6rsb\u00e4r \/ Mix1+2 \/ Mix2+3 \/ Mix3+4 \/ Mix4+1<\/li>\n<li>K\u00f6rsb\u00e4rscola \/ Citronpersika \/ Rosa lemonad \/ Mangopassionsfrukt \/ Mix1+2 \/ Mix2+3 \/ Mix3+4 \/ Mix4+1<\/li>\n<li>Jordgubb Kiwi \/ Bl\u00e5b\u00e4r Mynta \/ Sur Mango Ananas \/ Jordgubb Vattenmelon Is \/ Mix1+2 \/ Mix2+3 \/ Mix3+4 \/ Mix4+1<\/li>\n<li>Kiwi Drakb\u00e4r \/ Bl\u00e5b\u00e4r Vattenmelon \/ Jordgubb Banan \/ K\u00f6rsb\u00e4rsglass \/ Mix1+2 \/ Mix2+3 \/ Mix3+4 \/ Mix4+1<\/li>\n<li>Jordgubb Vattenmelon \/ Ananas Kokosis \/ Kiwi Passionsfrukt Guava \/ Druvspr\u00e4ngning \/ Mix 1+2 \/ Mix 2+3 \/ Mix 3+4 \/ Mix 4+1<\/li>\n<li>Red Bull \/ K\u00f6rsb\u00e4r Granat\u00e4pple \/ Vattenmelon \/ Citron Lime \/ Mix 1+2 \/ Mix 2+3 \/ Mix 3+4 \/ Mix 4+1<\/li>\n<li>Vattenmelon-is \/ J\u00e4ttebra \/ Jordgubb-hallon \/ \u00c4pple-kiwi-is \/ Mix 1+2 \/ Mix 2+3 \/ Mix 3+4 \/ Mix 4+1<\/li>\n<li>Druvglass \/ K\u00e4rlek 66 \/ Bl\u00e5b\u00e4r p\u00e5 is \/ Drakfruktsglass \/ Mix 1+2 \/ Mix 2+3 \/ Mix 3+4 \/ Mix 4+1<\/li>\n<li>Vattenmelonis \/ Jordgubb Vattenmelon \/ Hallon Vattenmelon \/ Bl\u00e5b\u00e4r Hallon \/ Mix1+2 \/ Mix2+3 \/ Mix3+4 \/ Mix4+1<\/li>\n<li>Persika Mango Vattenmelon \/ Bl\u00e5b\u00e4r K\u00f6rsb\u00e4r \/ Vattenmelon Drakfrukt \/ Passionskyss \/ Mix1+2 \/ Mix2+3 \/ Mix3+4 \/ Mix4+1<\/li>\n<li>Jordgubb Hallon \/ Jordgubb Kiwi \/ Jordgubbsis \/ Persika Mango Vattenmelon \/ Mix1+2 \/ Mix2+3 \/ Mix3+4 \/ Mix4+1<\/li>\n<\/ul>\n<h2 data-v-md-heading=\"tailored-for-you-and-your-business\" data-v-md-line=\"43\">Skr\u00e4ddarsytt f\u00f6r dig och ditt f\u00f6retag<\/h2>\n<p data-v-md-line=\"45\">Vi har lanserat BANG 350K 350000 8-i-1 mesh coil eng\u00e5ngsvape, som du kan k\u00f6pa separat. Om du \u00e4r f\u00f6retagare kan du ocks\u00e5 k\u00f6pa i bulk. Vi erbjuder grossistf\u00f6rpackningar med 200 enheter per l\u00e5da. F\u00f6r butiker som vill erbjuda unika produkter och locka kunder tillbaka \u00e4r denna bulkk\u00f6psmetod mycket kostnadseffektiv.<\/p>\n<p data-v-md-line=\"47\">Vi ansvarar f\u00f6r logistiken, s\u00e5 du beh\u00f6ver inte oroa dig f\u00f6r gr\u00e4nsproblem. V\u00e5r p\u00e5litliga Delivered Duty Paid (DDP) frakttj\u00e4nst samarbetar med partners som UPS, DPD och DHL f\u00f6r att s\u00e4kerst\u00e4lla att du inte st\u00f6ter p\u00e5 n\u00e5gra ov\u00e4ntade avgifter i tullen. Du kan ta emot varorna s\u00e4kert och snabbt utan att beh\u00f6va oroa dig f\u00f6r efterf\u00f6ljande importskatter och avgifter. Hela processen fr\u00e5n v\u00e5rt lager till din d\u00f6rr \u00e4r smidig och obehindrad.<\/p>\n<h2 data-v-md-heading=\"reasons-why-you-will-like-it\" data-v-md-line=\"49\">Anledningar till varf\u00f6r du kommer att gilla det<\/h2>\n<ul data-v-md-line=\"50\">\n<li>H\u00e5llbar och l\u00e5ngvarig: Mer h\u00e5llbar och l\u00e5ngvarig, inget behov av frekventa ink\u00f6p.<\/li>\n<li>Val av nikotinkoncentration: Du kan v\u00e4lja den nikotinkoncentration som passar dig.<\/li>\n<li>Uppladdningsbar: l\u00e5ter dig anv\u00e4nda upp all e-v\u00e4tska du k\u00f6per.<\/li>\n<li>N\u00e4tf\u00f6rstoftande k\u00e4rna: Den kan ge en stabil och rik smak varje g\u00e5ng.<\/li>\n<li>\u00c5tta smaker: Du kan byta smak utan att byta enhet.<\/li>\n<li>B\u00e4rbar design: L\u00e4tt och b\u00e4rbar, bekv\u00e4m f\u00f6r dig att b\u00e4ra runt.<\/li>\n<\/ul>\n<h2 data-v-md-heading=\"why-choose-agoravape\" data-v-md-line=\"57\">Varf\u00f6r v\u00e4lja AgoraVape?<\/h2>\n<p data-v-md-line=\"59\">Som en av de mest betrodda vape-distribut\u00f6rerna i Europa s\u00e4ljer vi endast 100 % \u00e4kta produkter. F\u00f6r v\u00e5ra f\u00f6retagskunder inneb\u00e4r detta mycket konkurrenskraftiga grossistpriser och p\u00e5litlig support. Vi erbjuder snabba och p\u00e5litliga leveranstj\u00e4nster f\u00f6r eng\u00e5ngsvapor med BANG 350K 350000 8-i-1 mesh-coils. Vi utf\u00f6r strikta inspektioner av varje produkt f\u00f6r att s\u00e4kerst\u00e4lla att du inte beh\u00f6ver oroa dig f\u00f6r att f\u00f6rfalskade produkter skadar ditt rykte. Kontakta oss f\u00f6r att f\u00e5 denna produkt som verkligen tillfredsst\u00e4ller dina kunder.<\/p>","protected":false},"excerpt":{"rendered":"<p>&nbsp;<\/p>\n<p><script src=\"chrome-extension:\/\/fpelahbljekknahkcaegamhcndkfpfnc\/iFrame.js\" type=\"text\/javascript\"><\/script><\/p>\n<p><script src=\"chrome-extension:\/\/fpelahbljekknahkcaegamhcndkfpfnc\/iFrame.js\" type=\"text\/javascript\"><\/script><\/p>\n<p><script src=\"chrome-extension:\/\/fpelahbljekknahkcaegamhcndkfpfnc\/iFrame.js\" type=\"text\/javascript\"><\/script><\/p>\n<p><script src=\"chrome-extension:\/\/fpelahbljekknahkcaegamhcndkfpfnc\/iFrame.js\" type=\"text\/javascript\"><\/script><\/p>\n<p><script src=\"chrome-extension:\/\/fpelahbljekknahkcaegamhcndkfpfnc\/iFrame.js\" type=\"text\/javascript\"><\/script><\/p>\n<p><script src=\"chrome-extension:\/\/fpelahbljekknahkcaegamhcndkfpfnc\/iFrame.js\" type=\"text\/javascript\"><\/script><\/p>\n<p><script src=\"chrome-extension:\/\/fpelahbljekknahkcaegamhcndkfpfnc\/iFrame.js\" type=\"text\/javascript\"><\/script><\/p>\n<p><script src=\"chrome-extension:\/\/fpelahbljekknahkcaegamhcndkfpfnc\/iFrame.js\" type=\"text\/javascript\"><\/script><\/p>\n<p><script src=\"chrome-extension:\/\/fpelahbljekknahkcaegamhcndkfpfnc\/iFrame.js\" type=\"text\/javascript\"><\/script><\/p>\n<p><script src=\"chrome-extension:\/\/fpelahbljekknahkcaegamhcndkfpfnc\/iFrame.js\" type=\"text\/javascript\"><\/script><\/p>\n<p><script src=\"chrome-extension:\/\/fpelahbljekknahkcaegamhcndkfpfnc\/iFrame.js\" type=\"text\/javascript\"><\/script><\/p>\n<p><script src=\"chrome-extension:\/\/fpelahbljekknahkcaegamhcndkfpfnc\/iFrame.js\" type=\"text\/javascript\"><\/script><\/p>","protected":false},"featured_media":27360,"comment_status":"open","ping_status":"closed","template":"","meta":[],"product_brand":[197],"product_cat":[124,187,185,188,189,123,195,174,175,193,191,179,173,186,180,190],"product_tag":[],"class_list":{"0":"post-27345","1":"product","2":"type-product","3":"status-publish","4":"has-post-thumbnail","6":"product_brand-bang","7":"product_cat-vape-by-brand","8":"product_cat-0mg-nicotine-free-vapes","9":"product_cat-10000-puffs-high-capacity","10":"product_cat-10mg-low-nicotine-vapes","11":"product_cat-20mg-standard-nicotine-vapes","12":"product_cat-bang","13":"product_cat-dual-flavor-switch","14":"product_cat-fruit-flavors","15":"product_cat-icy-mint","16":"product_cat-mesh-coil","17":"product_cat-rechargeable-disposables","18":"product_cat-unique-blends","19":"product_cat-vape-by-flavor-profile","20":"product_cat-vape-by-nicotine-strength","21":"product_cat-vape-by-puff-count","22":"product_cat-vape-by-feature-or-type","24":"first","25":"instock","26":"shipping-taxable","27":"purchasable","28":"product-type-variable","29":"has-default-attributes"},"tiered_pricing_type":"percentage","tiered_pricing_fixed_rules":[],"tiered_pricing_product_settings":{"layout":"default","base_unit_name":{"singular":null,"plural":null},"default_variation":null},"tiered_pricing_minimum_quantity":10,"tiered_pricing_roles_data":[],"tiered_pricing_percentage_rules":{"30":"29","50":"34","100":"40","200":"44","500":"47","1000":"49"},"tiered_pricing_maximum_quantity":null,"tiered_pricing_quantity_step":"10","_links":{"self":[{"href":"https:\/\/agoravape.com\/sv\/wp-json\/wp\/v2\/product\/27345","targetHints":{"allow":["GET"]}}],"collection":[{"href":"https:\/\/agoravape.com\/sv\/wp-json\/wp\/v2\/product"}],"about":[{"href":"https:\/\/agoravape.com\/sv\/wp-json\/wp\/v2\/types\/product"}],"replies":[{"embeddable":true,"href":"https:\/\/agoravape.com\/sv\/wp-json\/wp\/v2\/comments?post=27345"}],"version-history":[{"count":0,"href":"https:\/\/agoravape.com\/sv\/wp-json\/wp\/v2\/product\/27345\/revisions"}],"wp:featuredmedia":[{"embeddable":true,"href":"https:\/\/agoravape.com\/sv\/wp-json\/wp\/v2\/media\/27360"}],"wp:attachment":[{"href":"https:\/\/agoravape.com\/sv\/wp-json\/wp\/v2\/media?parent=27345"}],"wp:term":[{"taxonomy":"product_brand","embeddable":true,"href":"https:\/\/agoravape.com\/sv\/wp-json\/wp\/v2\/product_brand?post=27345"},{"taxonomy":"product_cat","embeddable":true,"href":"https:\/\/agoravape.com\/sv\/wp-json\/wp\/v2\/product_cat?post=27345"},{"taxonomy":"product_tag","embeddable":true,"href":"https:\/\/agoravape.com\/sv\/wp-json\/wp\/v2\/product_tag?post=27345"}],"curies":[{"name":"wp","href":"https:\/\/api.w.org\/{rel}","templated":true}]}}