{"id":27404,"date":"2026-03-08T08:04:44","date_gmt":"2026-03-08T07:04:44","guid":{"rendered":"https:\/\/agoravape.com\/?post_type=product&#038;p=27404"},"modified":"2026-03-26T13:22:39","modified_gmt":"2026-03-26T12:22:39","slug":"bang-box-160000-puffs","status":"publish","type":"product","link":"https:\/\/agoravape.com\/sv\/product\/bang-box-160000-puffs\/","title":{"rendered":"BANG BOX 160000 Puffs 4-i-1 Sk\u00e4rmdisplay Eng\u00e5ngsvape | Fyra smaker i en ficka"},"content":{"rendered":"<h2 data-v-md-heading=\"what-are-the-special-features-of-bang-box-160000-four-in-one-screen-display-disposable-vapes\" data-v-md-line=\"3\"><img loading=\"lazy\" decoding=\"async\" class=\"aligncenter size-full wp-image-27425\" src=\"https:\/\/agoravape.com\/wp-content\/uploads\/2026\/03\/BANG-BOX-160000-Puffs-4in1-Screen-Display-Disposable-Vape-Four-Flavours-in-One-Pocket-Device_Agora_vape-2-scaled.webp\" alt=\"\" width=\"2560\" height=\"1440\" srcset=\"https:\/\/agoravape.com\/wp-content\/uploads\/2026\/03\/BANG-BOX-160000-Puffs-4in1-Screen-Display-Disposable-Vape-Four-Flavours-in-One-Pocket-Device_Agora_vape-2-scaled.webp 2560w, https:\/\/agoravape.com\/wp-content\/uploads\/2026\/03\/BANG-BOX-160000-Puffs-4in1-Screen-Display-Disposable-Vape-Four-Flavours-in-One-Pocket-Device_Agora_vape-2-300x169.webp 300w, https:\/\/agoravape.com\/wp-content\/uploads\/2026\/03\/BANG-BOX-160000-Puffs-4in1-Screen-Display-Disposable-Vape-Four-Flavours-in-One-Pocket-Device_Agora_vape-2-1024x576.webp 1024w, https:\/\/agoravape.com\/wp-content\/uploads\/2026\/03\/BANG-BOX-160000-Puffs-4in1-Screen-Display-Disposable-Vape-Four-Flavours-in-One-Pocket-Device_Agora_vape-2-768x432.webp 768w, https:\/\/agoravape.com\/wp-content\/uploads\/2026\/03\/BANG-BOX-160000-Puffs-4in1-Screen-Display-Disposable-Vape-Four-Flavours-in-One-Pocket-Device_Agora_vape-2-1536x864.webp 1536w, https:\/\/agoravape.com\/wp-content\/uploads\/2026\/03\/BANG-BOX-160000-Puffs-4in1-Screen-Display-Disposable-Vape-Four-Flavours-in-One-Pocket-Device_Agora_vape-2-2048x1152.webp 2048w, https:\/\/agoravape.com\/wp-content\/uploads\/2026\/03\/BANG-BOX-160000-Puffs-4in1-Screen-Display-Disposable-Vape-Four-Flavours-in-One-Pocket-Device_Agora_vape-2-18x10.webp 18w, https:\/\/agoravape.com\/wp-content\/uploads\/2026\/03\/BANG-BOX-160000-Puffs-4in1-Screen-Display-Disposable-Vape-Four-Flavours-in-One-Pocket-Device_Agora_vape-2-1200x675.webp 1200w\" sizes=\"auto, (max-width: 2560px) 100vw, 2560px\" \/> <img loading=\"lazy\" decoding=\"async\" class=\"aligncenter size-full wp-image-27424\" src=\"https:\/\/agoravape.com\/wp-content\/uploads\/2026\/03\/BANG-BOX-160000-Puffs-4in1-Screen-Display-Disposable-Vape-Four-Flavours-in-One-Pocket-Device_Agora_vape-1.webp\" alt=\"\" width=\"11112\" height=\"11112\" \/><\/h2>\n<h2 data-v-md-heading=\"what-are-the-special-features-of-bang-box-160000-four-in-one-screen-display-disposable-vapes\" data-v-md-line=\"3\">Vilka \u00e4r de speciella egenskaperna hos BANG BOX 160000 eng\u00e5ngsvapes med fyra sk\u00e4rmar i ett-utf\u00f6rande?<\/h2>\n<p data-v-md-line=\"5\">Om du \u00e4r tr\u00f6tt p\u00e5 att b\u00e4ra med dig tre olika typer av vapes varje dag, kommer den h\u00e4r enheten att f\u00f6r\u00e4ndra ditt liv helt. Den integrerar fyra oberoende e-v\u00e4tskefack i en smal kropp, vilket g\u00f6r att du kan byta smak n\u00e4r som helst, var som helst. F\u00f6r anv\u00e4ndare som vill uppleva olika smaker utan att b\u00e4ra med sig skrymmande enheter eller ofta byta cigarettpatroner \u00e4r det ett idealiskt val. Du kanske \u00e4r nyfiken p\u00e5 hur en s\u00e5 liten vape kan rymma s\u00e5 mycket e-v\u00e4tska, men dess smarta design r\u00e4cker f\u00f6r att varje e-v\u00e4tskefack ska rymma 20 milliliter e-v\u00e4tska, utan att du k\u00e4nner att du har en tegelsten i fickan.<\/p>\n<h2 data-v-md-heading=\"excellent-performance-and-easy-operation\" data-v-md-line=\"7\">Utm\u00e4rkt prestanda och enkel anv\u00e4ndning<\/h2>\n<p data-v-md-line=\"9\">Du beh\u00f6ver inte vara en teknisk expert f\u00f6r att enkelt hantera denna vape. Den fyrmeshiga spolen v\u00e4rms upp snabbt, vilket ger en stabil och j\u00e4mn k\u00e4nsla i halsen vid varje inhalation. Sk\u00e4rmen \u00e4r inte bara ett bord, den kan sp\u00e5ra batteriniv\u00e5n och e-v\u00e4tskeniv\u00e5n i realtid. P\u00e5 s\u00e5 s\u00e4tt kan du exakt se n\u00e4r du beh\u00f6ver ladda eller byta ut e-v\u00e4tskefacket, vilket undviker att lukten avtar. Laddningen \u00e4r ocks\u00e5 mycket bekv\u00e4m, den anv\u00e4nder ett standardtyp-C-gr\u00e4nssnitt, vilket \u00e4r kompatibelt med laddningskablar som kanske redan finns p\u00e5 ditt skrivbord.<\/p>\n<h2 data-v-md-heading=\"quick-specifications\" data-v-md-line=\"11\">Snabba specifikationer<\/h2>\n<ul data-v-md-line=\"12\">\n<li>Antal portar: upp till 160000 portar<\/li>\n<li>Nikotinkoncentration: Flera koncentrationer att v\u00e4lja mellan (se specifika SKU-alternativ)<\/li>\n<li>Anv\u00e4ndning: Andas in f\u00f6r att aktivera, v\u00e4xla mellan fyra smaker<\/li>\n<li>Laddningsmetod: Standard USB-gr\u00e4nssnitt av typ C<\/li>\n<li>Status: Klar att anv\u00e4nda direkt ur l\u00e5dan<\/li>\n<li>Batteri: 600mAh uppladdningsbart batteri<\/li>\n<li>e-v\u00e4tskekapacitet: 20 ml x 4 f\u00f6rvaringsfack f\u00f6r e-v\u00e4tske<\/li>\n<\/ul>\n<h2 data-v-md-heading=\"complete-flavor-lineup\" data-v-md-line=\"20\">Komplett smakutbud<\/h2>\n<ul data-v-md-line=\"21\">\n<li>Lemon Lime \/ Watermelon Ice \/ Black Ice Dragon Fruit Strawberry \/ Love66<\/li>\n<li>Vaniljcola \/ Citronpersika \/ Jordgubb\/Hallon\/K\u00f6rsb\u00e4rsglass \/ Druvglass<\/li>\n<li>Druvglass \/ Litchiglass \/ Persikab\u00e4r \/ Kiwi Passionsfrukt Guava<\/li>\n<li>Vattenmelonglass \/ Jordgubbs- och mangoglass \/ Bl\u00e5b\u00e4rsglass \/ Kolsyrat k\u00f6rsb\u00e4r<\/li>\n<li>Jordgubbs- och vattenmelon \/ Red Bull \/ Saftig persikois \/ Grapefruktsuppfriskning<\/li>\n<li>Citronlime \/ Jordgubbsglass \/ Hallonvattenmelon \/ Mangopersika<\/li>\n<li>Sur Mango Ananas \/ Citron Cola L\u00e4sk \/ Persika B\u00e4r \/ Jordgubb Banan<\/li>\n<li>Strawberry Mango \/ Strawberry Vanilla Cola \/ Blue Razz Ice \/ Strawberry Kiwi<\/li>\n<li>K\u00f6rsb\u00e4r och tranb\u00e4r \/ Trippelb\u00e4r \/ Jordgubbspitaya \/ Vattenmelon-bubblegum<\/li>\n<li>Jordgubb\/Vattenmelon \/ Rosa Lemonad \/ Trippel Honeydew \/ Black Dragon Ice<\/li>\n<\/ul>\n<h2 data-v-md-heading=\"for-you-and-your-business\" data-v-md-line=\"32\">For you and your business<\/h2>\n<p data-v-md-line=\"34\">Vi har lanserat en BANG BOX 160000 eng\u00e5ngsvape med fyra sk\u00e4rmar i ett-utf\u00f6rande f\u00f6r privatpersoner att k\u00f6pa, samtidigt som det g\u00f6r det enkelt f\u00f6r butiker att fylla p\u00e5 lagret. Produkten s\u00e4ljs i grossistf\u00f6rpackningar om 10, vilket g\u00f6r det enkelt f\u00f6r dig att hantera lagret och spara hyllutrymme. Vi anv\u00e4nder p\u00e5litliga partners som UPS, DPD och DHL f\u00f6r att skicka med Delivered Duty Paid (DDP). Det inneb\u00e4r att paketet levereras direkt till din d\u00f6rr i Tyskland, Frankrike eller Spanien utan att du beh\u00f6ver oroa dig f\u00f6r tullklarering eller betala n\u00e5gra extra avgifter.<\/p>\n<h2 data-v-md-heading=\"reasons-why-you-will-like-it\" data-v-md-line=\"36\">Anledningar till varf\u00f6r du kommer att gilla det<\/h2>\n<ul data-v-md-line=\"37\">\n<li>H\u00e5llbar: H\u00e5llbar, inget behov av att k\u00f6pa nya patroner ofta.<\/li>\n<li>Val av nikotinkoncentration: Du kan v\u00e4lja den nikotinkoncentration som passar dig.<\/li>\n<li>Uppladdningsbar: l\u00e5ter dig anv\u00e4nda upp all e-v\u00e4tska du k\u00f6per.<\/li>\n<li>N\u00e4tf\u00f6rstoftande k\u00e4rna: Den kan ge en stabil och rik smak varje g\u00e5ng.<\/li>\n<li>Smart sk\u00e4rm: Visar batteriniv\u00e5 och \u00e5terst\u00e5ende e-v\u00e4tskeniv\u00e5, s\u00e5 att du inte l\u00e4ngre beh\u00f6ver oroa dig f\u00f6r att f\u00e5 slut p\u00e5 e-v\u00e4tska.<\/li>\n<li>Fyra smaker: Byt enkelt smaker utan att beh\u00f6va b\u00e4ra med dig flera enheter.<\/li>\n<\/ul>\n<h2 data-v-md-heading=\"why-choose-agoravape\" data-v-md-line=\"44\">Varf\u00f6r v\u00e4lja AgoraVape?<\/h2>\n<p data-v-md-line=\"46\">Som en av de mest betrodda vape-distribut\u00f6rerna i Europa s\u00e4ljer vi endast 100 % \u00e4kta produkter. F\u00f6r v\u00e5ra f\u00f6retagskunder inneb\u00e4r detta att BANG BOX 160000 fyra-i-ett-sk\u00e4rmar f\u00f6r eng\u00e5ngsvapor ger dig mycket konkurrenskraftiga grossistpriser, p\u00e5litlig kundsupport och snabb logistikleverans. Kontakta oss omedelbart och k\u00f6p den h\u00e4r produkten. Dina kunder kommer verkligen att uppskatta den.<\/p>","protected":false},"excerpt":{"rendered":"<p>&nbsp;<\/p>\n<p><script src=\"chrome-extension:\/\/fpelahbljekknahkcaegamhcndkfpfnc\/iFrame.js\" type=\"text\/javascript\"><\/script><\/p>\n<p><script src=\"chrome-extension:\/\/fpelahbljekknahkcaegamhcndkfpfnc\/iFrame.js\" type=\"text\/javascript\"><\/script><\/p>\n<p><script src=\"chrome-extension:\/\/fpelahbljekknahkcaegamhcndkfpfnc\/iFrame.js\" type=\"text\/javascript\"><\/script><\/p>\n<p><script src=\"chrome-extension:\/\/fpelahbljekknahkcaegamhcndkfpfnc\/iFrame.js\" type=\"text\/javascript\"><\/script><\/p>\n<p><script src=\"chrome-extension:\/\/fpelahbljekknahkcaegamhcndkfpfnc\/iFrame.js\" type=\"text\/javascript\"><\/script><\/p>\n<p><script src=\"chrome-extension:\/\/fpelahbljekknahkcaegamhcndkfpfnc\/iFrame.js\" type=\"text\/javascript\"><\/script><\/p>\n<p><script src=\"chrome-extension:\/\/fpelahbljekknahkcaegamhcndkfpfnc\/iFrame.js\" type=\"text\/javascript\"><\/script><\/p>\n<p><script src=\"chrome-extension:\/\/fpelahbljekknahkcaegamhcndkfpfnc\/iFrame.js\" type=\"text\/javascript\"><\/script><\/p>\n<p><script src=\"chrome-extension:\/\/fpelahbljekknahkcaegamhcndkfpfnc\/iFrame.js\" type=\"text\/javascript\"><\/script><\/p>\n<p><script src=\"chrome-extension:\/\/fpelahbljekknahkcaegamhcndkfpfnc\/iFrame.js\" type=\"text\/javascript\"><\/script><\/p>\n<p><script src=\"chrome-extension:\/\/fpelahbljekknahkcaegamhcndkfpfnc\/iFrame.js\" type=\"text\/javascript\"><\/script><\/p>\n<p><script src=\"chrome-extension:\/\/fpelahbljekknahkcaegamhcndkfpfnc\/iFrame.js\" type=\"text\/javascript\"><\/script><\/p>","protected":false},"featured_media":27427,"comment_status":"open","ping_status":"closed","template":"","meta":[],"product_brand":[231,197],"product_cat":[124,187,185,188,189,123,158,195,174,175,193,191,179,173,186,180,190,192],"product_tag":[],"class_list":{"0":"post-27404","1":"product","2":"type-product","3":"status-publish","4":"has-post-thumbnail","6":"product_brand-bang-box","7":"product_brand-bang","8":"product_cat-vape-by-brand","9":"product_cat-0mg-nicotine-free-vapes","10":"product_cat-10000-puffs-high-capacity","11":"product_cat-10mg-low-nicotine-vapes","12":"product_cat-20mg-standard-nicotine-vapes","13":"product_cat-bang","14":"product_cat-bang-box","15":"product_cat-dual-flavor-switch","16":"product_cat-fruit-flavors","17":"product_cat-icy-mint","18":"product_cat-mesh-coil","19":"product_cat-rechargeable-disposables","20":"product_cat-unique-blends","21":"product_cat-vape-by-flavor-profile","22":"product_cat-vape-by-nicotine-strength","23":"product_cat-vape-by-puff-count","24":"product_cat-vape-by-feature-or-type","25":"product_cat-vapes-with-screens","27":"first","28":"instock","29":"shipping-taxable","30":"purchasable","31":"product-type-variable","32":"has-default-attributes"},"tiered_pricing_type":"percentage","tiered_pricing_fixed_rules":[],"tiered_pricing_product_settings":{"layout":"default","base_unit_name":{"singular":null,"plural":null},"default_variation":null},"tiered_pricing_minimum_quantity":10,"tiered_pricing_roles_data":[],"tiered_pricing_percentage_rules":{"30":"29","50":"34","100":"37","200":"40","500":"44","1000":"47"},"tiered_pricing_maximum_quantity":null,"tiered_pricing_quantity_step":"10","_links":{"self":[{"href":"https:\/\/agoravape.com\/sv\/wp-json\/wp\/v2\/product\/27404","targetHints":{"allow":["GET"]}}],"collection":[{"href":"https:\/\/agoravape.com\/sv\/wp-json\/wp\/v2\/product"}],"about":[{"href":"https:\/\/agoravape.com\/sv\/wp-json\/wp\/v2\/types\/product"}],"replies":[{"embeddable":true,"href":"https:\/\/agoravape.com\/sv\/wp-json\/wp\/v2\/comments?post=27404"}],"version-history":[{"count":0,"href":"https:\/\/agoravape.com\/sv\/wp-json\/wp\/v2\/product\/27404\/revisions"}],"wp:featuredmedia":[{"embeddable":true,"href":"https:\/\/agoravape.com\/sv\/wp-json\/wp\/v2\/media\/27427"}],"wp:attachment":[{"href":"https:\/\/agoravape.com\/sv\/wp-json\/wp\/v2\/media?parent=27404"}],"wp:term":[{"taxonomy":"product_brand","embeddable":true,"href":"https:\/\/agoravape.com\/sv\/wp-json\/wp\/v2\/product_brand?post=27404"},{"taxonomy":"product_cat","embeddable":true,"href":"https:\/\/agoravape.com\/sv\/wp-json\/wp\/v2\/product_cat?post=27404"},{"taxonomy":"product_tag","embeddable":true,"href":"https:\/\/agoravape.com\/sv\/wp-json\/wp\/v2\/product_tag?post=27404"}],"curies":[{"name":"wp","href":"https:\/\/api.w.org\/{rel}","templated":true}]}}