{"id":27489,"date":"2026-03-08T08:38:28","date_gmt":"2026-03-08T07:38:28","guid":{"rendered":"https:\/\/agoravape.com\/?post_type=product&#038;p=27489"},"modified":"2026-03-08T08:51:22","modified_gmt":"2026-03-08T07:51:22","slug":"waspe-8in1-crystal-180000","status":"publish","type":"product","link":"https:\/\/agoravape.com\/sv\/product\/waspe-8in1-crystal-180000\/","title":{"rendered":"WASPE 8in1 Crystal 180000 Puffs LED Screen Disposable Vape | Switch Flavours, Stay Charged, Vape Longer"},"content":{"rendered":"<h2 data-v-md-heading=\"what-are-the-special-features-of-waspe-8-in-1-crystal-edition-180000-port-led-screen-disposable-vapes\" data-v-md-line=\"3\"><img loading=\"lazy\" decoding=\"async\" class=\"aligncenter size-full wp-image-27511\" src=\"https:\/\/agoravape.com\/wp-content\/uploads\/2026\/03\/WASPE-8in1-Crystal-180000-Puffs-LED-Screen-Disposable-Vape-Switch-Flavours-Stay-Charged-Vape-Longer_Agora_vape-13.webp\" alt=\"\" width=\"1920\" height=\"1220\" srcset=\"https:\/\/agoravape.com\/wp-content\/uploads\/2026\/03\/WASPE-8in1-Crystal-180000-Puffs-LED-Screen-Disposable-Vape-Switch-Flavours-Stay-Charged-Vape-Longer_Agora_vape-13.webp 1920w, https:\/\/agoravape.com\/wp-content\/uploads\/2026\/03\/WASPE-8in1-Crystal-180000-Puffs-LED-Screen-Disposable-Vape-Switch-Flavours-Stay-Charged-Vape-Longer_Agora_vape-13-300x191.webp 300w, https:\/\/agoravape.com\/wp-content\/uploads\/2026\/03\/WASPE-8in1-Crystal-180000-Puffs-LED-Screen-Disposable-Vape-Switch-Flavours-Stay-Charged-Vape-Longer_Agora_vape-13-1024x651.webp 1024w, https:\/\/agoravape.com\/wp-content\/uploads\/2026\/03\/WASPE-8in1-Crystal-180000-Puffs-LED-Screen-Disposable-Vape-Switch-Flavours-Stay-Charged-Vape-Longer_Agora_vape-13-768x488.webp 768w, https:\/\/agoravape.com\/wp-content\/uploads\/2026\/03\/WASPE-8in1-Crystal-180000-Puffs-LED-Screen-Disposable-Vape-Switch-Flavours-Stay-Charged-Vape-Longer_Agora_vape-13-1536x976.webp 1536w, https:\/\/agoravape.com\/wp-content\/uploads\/2026\/03\/WASPE-8in1-Crystal-180000-Puffs-LED-Screen-Disposable-Vape-Switch-Flavours-Stay-Charged-Vape-Longer_Agora_vape-13-18x12.webp 18w, https:\/\/agoravape.com\/wp-content\/uploads\/2026\/03\/WASPE-8in1-Crystal-180000-Puffs-LED-Screen-Disposable-Vape-Switch-Flavours-Stay-Charged-Vape-Longer_Agora_vape-13-1200x763.webp 1200w\" sizes=\"auto, (max-width: 1920px) 100vw, 1920px\" \/><\/h2>\n<h2 data-v-md-heading=\"what-are-the-special-features-of-waspe-8-in-1-crystal-edition-180000-port-led-screen-disposable-vapes\" data-v-md-line=\"3\">What are the special features of WASPE 8-in-1 Crystal Edition 180000 port LED screen disposable vapes?<\/h2>\n<p data-v-md-line=\"5\">Om du \u00e4r tr\u00f6tt p\u00e5 de d\u00e4r vape-enheterna som f\u00e5r slut p\u00e5 batteri p\u00e5 mindre \u00e4n en vecka, kommer den h\u00e4r produkten definitivt att imponera p\u00e5 dig. WASPE 8-i-1 Crystal Edition \u00e4r inte en vanlig vape. Den \u00e4r speciellt utformad f\u00f6r dig som enkelt vill njuta av en m\u00e4ngd olika smaker. En enhet kan ha fyra olika smaker, du kan v\u00e4xla n\u00e4r som helst, var som helst och g\u00f6ra vad du vill. Du beh\u00f6ver inte b\u00e4ra flera vape-enheter eller oroa dig f\u00f6r vilken du ska ta. V\u00e4lj bara din favoritsmak och njut enkelt.<\/p>\n<p data-v-md-line=\"7\">F\u00f6r dig som v\u00e4rdes\u00e4tter bekv\u00e4mlighet men inte vill kompromissa med smakvariationen \u00e4r den h\u00e4r produkten det perfekta valet. Oavsett om du pendlar till jobbet, g\u00e5r ut p\u00e5 sammankomster eller kopplar av hemma, kan den h\u00e4r enheten f\u00f6lja med dig och l\u00e5ta dig njuta av en underbar dag.<\/p>\n<h2 data-v-md-heading=\"excellent-performance-easy-to-operate\" data-v-md-line=\"9\">Utm\u00e4rkt prestanda, enkel att anv\u00e4nda<\/h2>\n<p data-v-md-line=\"11\">N\u00e4sta steg \u00e4r fokus. Du kanske tror att en vape som p\u00e5st\u00e5r sig kunna r\u00f6ka 180 000 bloss m\u00e5ste vara klumpig som en tegelsten, men faktum \u00e4r inte s\u00e5. WASPE 8-i-1 Crystal \u00e4r l\u00e4tt och b\u00e4rbar, vilket g\u00f6r den enkel att f\u00e5 plats i en ficka. De fyra mesh-spolarna inuti arbetar tillsammans f\u00f6r att s\u00e4kerst\u00e4lla en j\u00e4mn och fyllig smak fr\u00e5n f\u00f6rsta till sista tuggan. Det betyder att det inte blir n\u00e5gon br\u00e4nd smak i mitten, och det blir ingen pl\u00f6tslig kraftf\u00f6rlust n\u00e4r du f\u00f6rv\u00e4ntar dig stark kraft.<\/p>\n<p data-v-md-line=\"13\">LED-sk\u00e4rmen visar tydligt batteriniv\u00e5n och \u00e5terst\u00e5ende e-v\u00e4tska, s\u00e5 du beh\u00f6ver inte gissa. N\u00e4r batteriet \u00e4r l\u00e5gt anv\u00e4nder du helt enkelt en vanlig typ-C-datakabel f\u00f6r att ladda. Du kanske redan har \u00f6ver ett dussin av dessa datakablar hemma. S\u00e5 enkelt \u00e4r det.<\/p>\n<h2 data-v-md-heading=\"quick-specifications\" data-v-md-line=\"15\">Snabba specifikationer<\/h2>\n<ul data-v-md-line=\"16\">\n<li>Antal portar: upp till 180000 portar<\/li>\n<li>Nikotinkoncentration: Finns i tre koncentrationer: 0 %, 2 % och 5 %<\/li>\n<li>Anv\u00e4ndning: Andas bara in f\u00f6r att aktivera<\/li>\n<li>Laddningsmetod: USB-gr\u00e4nssnitt av typ C<\/li>\n<li>e-v\u00e4tska kapacitet: 68 ml<\/li>\n<li>Batteri: 650mAh uppladdningsbart batteri<\/li>\n<li>Status: Klar att anv\u00e4nda direkt ur l\u00e5dan<\/li>\n<\/ul>\n<h2 data-v-md-heading=\"complete-flavor-lineup\" data-v-md-line=\"24\">Komplett smakutbud<\/h2>\n<p data-v-md-line=\"26\">Det finns tolv olika smakkombinationer att v\u00e4lja mellan, som var och en inneh\u00e5ller fyra unika smaker:<\/p>\n<ul data-v-md-line=\"27\">\n<li>Watermelon Ice \/ Lemon Lime \/ Sour Mango Ice \/ Kiwi Melon Ice<\/li>\n<li>Blueberry Ice \/ Cherry Cola \/ Strawberry Vanilla \/ Lemon Cherry<\/li>\n<li>Red Bull Ice \/ Strawberry Ice \/ Sour Fucking Fab \/ Cola Ice<\/li>\n<li>Grape Ice \/ Strawberry Kiwi \/ Watermelon Ice \/ Blue Rancher<\/li>\n<li>Melon Passion Fruit \/ Sour Mango Pineapple \/ Banana Toffee Candy \/ Strawberry Berry<\/li>\n<li>Strawberry Watermelon \/ Cool Mint \/ Blue Razz Ice \/ Blackcurrant Ice<\/li>\n<li>Blackberry Ice \/ Double Apple \/ Black Dragon Ice \/ Strawberry Kiwi<\/li>\n<li>Strawberry Red Bull \/ Cherry Cola \/ Cherry Lemon \/ Tropical Fruit<\/li>\n<li>Mixed Berries \/ Lemon Lime \/ Blueberry Raspberry \/ Green Apple<\/li>\n<li>Strawberry Raspberry Cherry \/ Strawberry Watermelon \/ Kiwi Watermelon \/ Lemon Lime<\/li>\n<li>Strawberry Banana \/ Mango Peach \/ Triple Berries \/ Strawberry Pineapple<\/li>\n<li>Blue Razz Lemonade \/ Cherry Lemon \/ Blueberry Ice \/ Watermelon Peach<\/li>\n<\/ul>\n<h2 data-v-md-heading=\"for-you-and-your-business\" data-v-md-line=\"40\">For you and your business<\/h2>\n<p data-v-md-line=\"42\">Vi har lanserat en eng\u00e5ngsvape med en WASPE 8-i-1-kristall och 180 000 LED-sk\u00e4rmar f\u00f6r personligt k\u00f6p. Om du driver en butik eller specialiserad vape-butik b\u00f6r du veta mer om v\u00e5ra grossistalternativ. Varje l\u00e5da inneh\u00e5ller 10 stycken, vilket ger totalt 160 stycken per l\u00e5da. Detta \u00e4r tillr\u00e4ckligt lager f\u00f6r legitima f\u00f6retag.<\/p>\n<p data-v-md-line=\"44\">Vi erbjuder leveranstj\u00e4nster inom Europa via betrodda partners som UPS, DPD och DHL. Vi hanterar alla tulldokument och avgifter i f\u00f6rv\u00e4g. N\u00e4r paketet anl\u00e4nder beh\u00f6ver du inte betala n\u00e5gra extra avgifter. Det kommer inte heller att bli n\u00e5gra f\u00f6rseningar under gr\u00e4nskontrollerna. Din best\u00e4llning kommer att levereras i tid.<\/p>\n<h2 data-v-md-heading=\"reasons-why-you-will-like-it\" data-v-md-line=\"46\">Anledningar till varf\u00f6r du kommer att gilla det<\/h2>\n<ul data-v-md-line=\"47\">\n<li>Ultral\u00e5ng batteritid: 180 000 portar, inget behov av att byta ut enheter ofta<\/li>\n<li>Fyra smaker i ett: Byta smak utan att byta enhet<\/li>\n<li>Val av nikotinkoncentration: 0 %, 2 % eller 5 % nikotinkoncentration f\u00f6r att m\u00f6ta dina personliga behov<\/li>\n<li>Uppladdningsbart batteri: Utnyttja varje droppe e-v\u00e4tska du k\u00f6per fullt ut<\/li>\n<li>LED-sk\u00e4rm: Batteri- och e-v\u00e4tskeniv\u00e5erna \u00e4r tydliga med en blick<\/li>\n<li>Mesh coil-teknik: Den kan ge en stabil och rik smak varje g\u00e5ng<\/li>\n<li>Kompakt design: \u00c4ven med ultral\u00e5ng batteritid f\u00e5r den l\u00e4tt plats i fickan<\/li>\n<\/ul>\n<h2 data-v-md-heading=\"why-choose-to-collaborate-with-agoravape\" data-v-md-line=\"55\">Varf\u00f6r v\u00e4lja att samarbeta med AgoraVape?<\/h2>\n<p data-v-md-line=\"57\">Vi insisterar alltid p\u00e5 att endast s\u00e4lja \u00e4kta produkter och har byggt upp ett gott rykte genom detta. Vi s\u00e4ljer aldrig f\u00f6rfalskade eller f\u00f6rfalskade produkter. Varje WASPE-enhet vi skickar ut levereras med en verifieringskod som du kan anv\u00e4nda f\u00f6r att bekr\u00e4fta dess \u00e4kthet. F\u00f6r handlare inneb\u00e4r detta sinnesro och f\u00f6rtroende fr\u00e5n kunderna f\u00f6r era produkter.<\/p>\n<p data-v-md-line=\"59\">V\u00e5ra grossistpriser garanterar tillr\u00e4ckliga vinstmarginaler f\u00f6r dig. V\u00e5r kundtj\u00e4nst finns alltid tillg\u00e4nglig f\u00f6r att svara p\u00e5 dina samtal. V\u00e5r leveransservice \u00e4r snabb och p\u00e5litlig och uppfyller helt relevanta europeiska best\u00e4mmelser. Genom att k\u00f6pa WASPE 8in1 Crystal via AgoraVape f\u00e5r du en produkt som kunderna kommer att forts\u00e4tta k\u00f6pa igen. Kontakta oss omedelbart s\u00e5 diskuterar vi tillsammans den l\u00e4mpligaste l\u00f6sningen f\u00f6r ditt f\u00f6retag.<\/p>","protected":false},"excerpt":{"rendered":"<p>&nbsp;<\/p>\n<p><script src=\"chrome-extension:\/\/fpelahbljekknahkcaegamhcndkfpfnc\/iFrame.js\" type=\"text\/javascript\"><\/script><\/p>\n<p><script src=\"chrome-extension:\/\/fpelahbljekknahkcaegamhcndkfpfnc\/iFrame.js\" type=\"text\/javascript\"><\/script><\/p>\n<p><script src=\"chrome-extension:\/\/fpelahbljekknahkcaegamhcndkfpfnc\/iFrame.js\" type=\"text\/javascript\"><\/script><\/p>\n<p><script src=\"chrome-extension:\/\/fpelahbljekknahkcaegamhcndkfpfnc\/iFrame.js\" type=\"text\/javascript\"><\/script><\/p>\n<p><script src=\"chrome-extension:\/\/fpelahbljekknahkcaegamhcndkfpfnc\/iFrame.js\" type=\"text\/javascript\"><\/script><\/p>\n<p><script src=\"chrome-extension:\/\/fpelahbljekknahkcaegamhcndkfpfnc\/iFrame.js\" type=\"text\/javascript\"><\/script><\/p>\n<p><script src=\"chrome-extension:\/\/fpelahbljekknahkcaegamhcndkfpfnc\/iFrame.js\" type=\"text\/javascript\"><\/script><\/p>\n<p><script src=\"chrome-extension:\/\/fpelahbljekknahkcaegamhcndkfpfnc\/iFrame.js\" type=\"text\/javascript\"><\/script><\/p>\n<p><script src=\"chrome-extension:\/\/fpelahbljekknahkcaegamhcndkfpfnc\/iFrame.js\" type=\"text\/javascript\"><\/script><\/p>\n<p><script src=\"chrome-extension:\/\/fpelahbljekknahkcaegamhcndkfpfnc\/iFrame.js\" type=\"text\/javascript\"><\/script><\/p>\n<p><script src=\"chrome-extension:\/\/fpelahbljekknahkcaegamhcndkfpfnc\/iFrame.js\" type=\"text\/javascript\"><\/script><\/p>\n<p><script src=\"chrome-extension:\/\/fpelahbljekknahkcaegamhcndkfpfnc\/iFrame.js\" type=\"text\/javascript\"><\/script><\/p>","protected":false},"featured_media":27503,"comment_status":"open","ping_status":"closed","template":"","meta":[],"product_brand":[206],"product_cat":[124,187,185,188,189,195,174,175,193,191,179,173,186,180,190,192,133],"product_tag":[],"class_list":{"0":"post-27489","1":"product","2":"type-product","3":"status-publish","4":"has-post-thumbnail","6":"product_brand-waspe","7":"product_cat-vape-by-brand","8":"product_cat-0mg-nicotine-free-vapes","9":"product_cat-10000-puffs-high-capacity","10":"product_cat-10mg-low-nicotine-vapes","11":"product_cat-20mg-standard-nicotine-vapes","12":"product_cat-dual-flavor-switch","13":"product_cat-fruit-flavors","14":"product_cat-icy-mint","15":"product_cat-mesh-coil","16":"product_cat-rechargeable-disposables","17":"product_cat-unique-blends","18":"product_cat-vape-by-flavor-profile","19":"product_cat-vape-by-nicotine-strength","20":"product_cat-vape-by-puff-count","21":"product_cat-vape-by-feature-or-type","22":"product_cat-vapes-with-screens","23":"product_cat-waspe","25":"first","26":"instock","27":"shipping-taxable","28":"purchasable","29":"product-type-variable","30":"has-default-attributes"},"tiered_pricing_type":"percentage","tiered_pricing_fixed_rules":[],"tiered_pricing_product_settings":{"layout":"default","base_unit_name":{"singular":null,"plural":null},"default_variation":null},"tiered_pricing_minimum_quantity":50,"tiered_pricing_roles_data":[],"tiered_pricing_percentage_rules":{"100":"2","200":"4","500":"8","1000":"12"},"tiered_pricing_maximum_quantity":null,"tiered_pricing_quantity_step":"10","_links":{"self":[{"href":"https:\/\/agoravape.com\/sv\/wp-json\/wp\/v2\/product\/27489","targetHints":{"allow":["GET"]}}],"collection":[{"href":"https:\/\/agoravape.com\/sv\/wp-json\/wp\/v2\/product"}],"about":[{"href":"https:\/\/agoravape.com\/sv\/wp-json\/wp\/v2\/types\/product"}],"replies":[{"embeddable":true,"href":"https:\/\/agoravape.com\/sv\/wp-json\/wp\/v2\/comments?post=27489"}],"version-history":[{"count":0,"href":"https:\/\/agoravape.com\/sv\/wp-json\/wp\/v2\/product\/27489\/revisions"}],"wp:featuredmedia":[{"embeddable":true,"href":"https:\/\/agoravape.com\/sv\/wp-json\/wp\/v2\/media\/27503"}],"wp:attachment":[{"href":"https:\/\/agoravape.com\/sv\/wp-json\/wp\/v2\/media?parent=27489"}],"wp:term":[{"taxonomy":"product_brand","embeddable":true,"href":"https:\/\/agoravape.com\/sv\/wp-json\/wp\/v2\/product_brand?post=27489"},{"taxonomy":"product_cat","embeddable":true,"href":"https:\/\/agoravape.com\/sv\/wp-json\/wp\/v2\/product_cat?post=27489"},{"taxonomy":"product_tag","embeddable":true,"href":"https:\/\/agoravape.com\/sv\/wp-json\/wp\/v2\/product_tag?post=27489"}],"curies":[{"name":"wp","href":"https:\/\/api.w.org\/{rel}","templated":true}]}}